{"id":5557,"date":"2022-01-19T17:17:14","date_gmt":"2022-01-19T16:17:14","guid":{"rendered":"https:\/\/dev.hhost.de\/produkt\/2018-engehoeller-bernstein-gg-riesling-trocken\/"},"modified":"2026-02-26T14:15:07","modified_gmt":"2026-02-26T13:15:07","slug":"engehoeller-bernstein-gg-riesling-dry","status":"publish","type":"product","link":"https:\/\/lanius-knab.de\/en\/produkt\/engehoeller-bernstein-gg-riesling-dry\/","title":{"rendered":"2023 Engeh\u00f6ller Bernstein GG Riesling dry"},"content":{"rendered":"\r\n    <div>        \r\n    <video id=\"plyr69e30e65a7819\" data-poster=\"https:\/\/streaming.lanius-knab.de\/deutsch\/Bilder\/Startbilder%20Weine\/StartbilderEnglisch\/Startbild_Lanius-Knab_Nr5_en.png\" controls class=\"easy-video-player\">\r\n       <source src=\"https:\/\/streaming.lanius-knab.de\/englisch\/Filme\/FilmeWeine\/Weingut-Lanius-Knab-Nr-05-VDP-Grosse-Lage-Engehoeller-Bernstein-Am-Lauerbaum-GG-trocken-englisch.mov\" type=\"video\/mp4\" \/>\r\n    <\/video>\r\n    <\/div>    <script>\r\n        const evplayerplyr69e30e65a7819 = new Plyr(document.getElementById('plyr69e30e65a7819'));\r\n        evplayerplyr69e30e65a7819.ratio = '16:9';\r\n        evplayerplyr69e30e65a7819.iconUrl = 'https:\/\/lanius-knab.de\/wp-content\/plugins\/easy-video-player\/lib\/plyr.svg';\r\n        evplayerplyr69e30e65a7819.blankVideo = 'https:\/\/lanius-knab.de\/wp-content\/plugins\/easy-video-player\/lib\/blank.mp4';  \r\n    <\/script>\n<p>&nbsp;<\/p>\n<p>This dry Riesling GG from the cadaster location \u201eAm Lauerbaum\u201d appears lightly golden in the glass. Slowly, it flows back after swirling, revealing its high density. An enticing bouquet of peach and passion fruit, complemented by fresh herbs and carried by powerful minerality. Great inner calm and tension come together in a wine that captivates over decades and continues to unfold with time.<\/p>\n<p>The VDP.GROSSE LAGE designation is reserved for Germany\u2019s best vineyards. The sites are clearly delineated parcel for parcel. A dry wine from a VDP.GROSSE LAGE is allowed to be named \u201cGro\u00dfes Gew\u00e4chs\u201d, short GG.<\/p>\n<p>This GG wine is grown in the Engeh\u00f6ller Bernstein. Here the soil is dominated by brown and grey slate and provides the minerality in this Riesling. The adept recognizes that by the elegance and the typical peach flavor of the wine.<\/p>\n<p>Opposite the Sch\u00f6nburg castle in a side valley of the Rhine the vineyard is facing south-east and the grapes soak up the sun. To be precise this wine descends from the cadaster location \u201eAm Lauerbaum\u201d. This is the centerpiece of the Engeh\u00f6ller Bernstein. This location has been known as one of the three best vineyard locations of the Upper Middle Rhine since the classification of vineyards determined by the Prussians in 1803.<\/p>\n<p>The feature of the cadaster location is that it is situated in a basin. Due to the southern position the grapes benefit from a lot of sun and ripen to elite level.<\/p>\n<p>The rich and complex Riesling has an excellent storage capability, because of its especially high quality and a distinct acidity structure. The vintage of 2023 is aging fine and it is still juvenile. This wine is a delightful treat already, but with its aging potential it can easily be stored for the next 20-25 years in the wine cellar to expect its grand finale.<\/p>\n<p>With its spicy-sweet full aroma this wine is a suitable companion for sophisticated dishes. Just try the combination with strong meat dishes like beef fillet with olive crust or fallow deer breaded with herbs and hazelnut. It can also accompany a beef roast. We recommend to serve it with potato pralines and young leeks as a side dish.<\/p>\n<p>This wine is also delicious with some aromatic cheese. Or dedicate yourself just to this prime wine and enjoy it pure!<\/p>\n","protected":false},"excerpt":{"rendered":"<p>VDP.Gro\u00dfe Lage &#8220;Gro\u00dfes Gew\u00e4chs&#8221;<\/p>\n<p>An intense bouquet of peach and passion fruit, lifted by fresh herbs and robust minerality. A quiet power at its core \u2013 a wine destined to endure for decades.<\/p>\n","protected":false},"featured_media":4820,"template":"","meta":{"_coblocks_attr":"","_coblocks_dimensions":"","_coblocks_responsive_height":"","_coblocks_accordion_ie_support":"","inline_featured_image":false},"product_cat":[515,516],"product_tag":[522,526,651,650,532,533,534,535,577,578,536,537,538],"aioseo_notices":[],"_links":{"self":[{"href":"https:\/\/lanius-knab.de\/en\/wp-json\/wp\/v2\/product\/5557"}],"collection":[{"href":"https:\/\/lanius-knab.de\/en\/wp-json\/wp\/v2\/product"}],"about":[{"href":"https:\/\/lanius-knab.de\/en\/wp-json\/wp\/v2\/types\/product"}],"wp:featuredmedia":[{"embeddable":true,"href":"https:\/\/lanius-knab.de\/en\/wp-json\/wp\/v2\/media\/4820"}],"wp:attachment":[{"href":"https:\/\/lanius-knab.de\/en\/wp-json\/wp\/v2\/media?parent=5557"}],"wp:term":[{"taxonomy":"product_cat","embeddable":true,"href":"https:\/\/lanius-knab.de\/en\/wp-json\/wp\/v2\/product_cat?post=5557"},{"taxonomy":"product_tag","embeddable":true,"href":"https:\/\/lanius-knab.de\/en\/wp-json\/wp\/v2\/product_tag?post=5557"}],"curies":[{"name":"wp","href":"https:\/\/api.w.org\/{rel}","templated":true}]}}